{"id":5755,"date":"2022-01-21T12:46:13","date_gmt":"2022-01-21T12:46:13","guid":{"rendered":"https:\/\/bernardvillers.be\/new\/?page_id=5755"},"modified":"2022-01-21T12:46:14","modified_gmt":"2022-01-21T12:46:14","slug":"editions-du-remorqueur","status":"publish","type":"page","link":"https:\/\/bernardvillers.be\/new\/editions-du-remorqueur\/","title":{"rendered":"Editions du Remorqueur"},"content":{"rendered":"\n<p class=\"wp-block-paragraph\"><em>Traverse<\/em> 1976<br>Sur papier pelure, 21,5 x 17,5 cm., 44 pages.<br>Bruxelles, \u00e9dition du Remorqueur. 100 exemplaires.<br>Texte : phrase de Matisse.<\/p>\n\n\n\n<p class=\"wp-block-paragraph\"><em>Traversable<\/em> 1976<br>S\u00e9rigraphie sur papier pelure,18 x 10,7 cm., 20 pages.<br>Bruxelles, \u00e9dition du Remorqueur. 50 exemplaires.<\/p>\n\n\n\n<p class=\"wp-block-paragraph\"><em>Trace<\/em> 1977<br>S\u00e9rigraphie sur papier pelure,18 x 10,7 cm., 20 pages.<br>Antwerpen, Guy Schraenen \u00e9dition, 500 exemplaires.<\/p>\n\n\n\n<p class=\"wp-block-paragraph\"><em>3\/8<\/em> 1978<br>S\u00e9rigraphie sur papier pelure,15 x 15 cm., 24 pages.<br>Bruxelles, \u00e9dition du Remorqueur. 120 exemplaires.<\/p>\n\n\n\n<p class=\"wp-block-paragraph\"><em>La nuit tombe<\/em> 1978<br>S\u00e9rigraphie sur papier pelure,21,5 x 15,5 cm., 38 pages.<br>Bruxelles, \u00e9dition du Remorqueur. 120 exemplaires.<br>Texte de David Goodis.<\/p>\n\n\n\n<p class=\"wp-block-paragraph\"><em>Un poids\/deux mesures<\/em> 1978<br>S\u00e9rigraphie sur papier pelure, 20,2 x 20,2 cm., Pages: variable.<br>Bruxelles, \u00e9dition du Remorqueur. 50 exemplaires.<\/p>\n\n\n\n<p class=\"wp-block-paragraph\"><em>Made in Belgium<\/em> 1978<br>S\u00e9rigraphie sur papier pelure,10 x 10 cm., 38 pages.<br>Bruxelles, \u00e9dition du Remorqueur. 100 exemplaires.<\/p>\n\n\n\n<p class=\"wp-block-paragraph\"><em>Pente douce <\/em>1979<br>S\u00e9rigraphie sur papier offset, 10,5 x 7,5 cm., 16 pages.<br>Bruxelles, \u00e9dition du Remorqueur. 100 exemplaires.<\/p>\n\n\n\n<p class=\"wp-block-paragraph\"><em>P\u00e9riodique<\/em> 4 num\u00e9ros, 1979-80<br>S\u00e9rigraphie, typographie et photocopie sur carton et papier, 27,5 x 18,5 cm.<br>Bruxelles, \u00e9dition du Remorqueur. 100 exemplaires.<\/p>\n\n\n\n<p class=\"wp-block-paragraph\"><em>Rouge ou Bleu <\/em>1979<br>Photocopie sur papier offset.<br>Bruxelles, \u00e9dition du remorqueur. 100 exemplaires.<\/p>\n\n\n\n<p class=\"wp-block-paragraph\"><em>Mallarm\u00e9 1897 &#8211; 1979<\/em><br>Photocopie sur papier offset, 10,5 x 7,5 cm, 16 pages.<br>Bruxelles, \u00e9dition Walrus. 100 exemplaires.<\/p>\n\n\n\n<p class=\"wp-block-paragraph\"><em>Colorage<\/em> 1979<br>S\u00e9rigraphie sur papier offset, 10,5 x 7,5 cm, 16 pages.<br>Bruxelles, \u00e9dition Walrus. 100 exemplaires.<\/p>\n\n\n\n<p class=\"wp-block-paragraph\"><em>D&rsquo;o\u00f9<\/em> 1980<br>S\u00e9rigraphie sur papier dessin, 27,5 x 17,5 cm, 20 pages.<br>Bruxelles, \u00e9dition du remorqueur. 100 exemplaires.<br>Texte : Robert Musil<\/p>\n\n\n\n<p class=\"wp-block-paragraph\"><em>Un peu\/Beaucoup<\/em> 1981<br>S\u00e9rigraphie sur papier dessin, 23,8 x 17 cm, 60 pages.<br>Bruxelles, \u00e9dition du remorqueur. 100 exemplaires.<br>Texte : Micheline Cr\u00e9teur<\/p>\n\n\n\n<p class=\"wp-block-paragraph\"><em>Lectures<\/em> 1982<br>S\u00e9rigraphie sur papier pelure, 29 x 20 cm, 40 pages.<br>Bruxelles, \u00e9dition du remorqueur. 100 exemplaires.<\/p>\n\n\n\n<p class=\"wp-block-paragraph\"><em>Spirales in seize <\/em>1984<br>Photocopie et s\u00e9rigraphie sur papier japon, 16 x 12,5 cm, 36 pages.<br>Bruxelles, \u00e9dition du remorqueur. 120 exemplaires.<br><em><br>Fais-moi un dessin<\/em> 1986<br>S\u00e9rigraphie et photocopie sur offset et calque, 27,8 x 20,5 cm, 44 pages.<br>Bruxelles, \u00e9dition du remorqueur. 120 exemplaires.<\/p>\n\n\n\n<p class=\"wp-block-paragraph\"><em>Tout va bien &#8211; Rien ne va plus<\/em> 1988<br>Offset, 14,7 x 10,2 cm<br>Bruxelles, Etienne Ficheroulle \u00e9diteur. 100 exemplaires.<br>Textes : Bernard Villers, Isabelle Lemaitre.<\/p>\n\n\n\n<p class=\"wp-block-paragraph\"><em>Figure Paysage Marine<\/em> 1988<br>S\u00e9rigraphie sur papier air mail, 26 x 21 cm, 38 pages.<br>Bruxelles, \u00e9dition du remorqueur. 120 exemplaires.<br>Texte : Honor\u00e9 de Balzac.<\/p>\n\n\n\n<p class=\"wp-block-paragraph\"><em>EL LE<\/em> 1989<br>S\u00e9rigraphie 15,5x 23. Bruxelles, \u00e9dition du remorqueur. 100 exemplaires.<\/p>\n\n\n\n<p class=\"wp-block-paragraph\"><em>G\u00e9om\u00e9trie variable<\/em> 1991<br>Offset, 21 x 14,5 cm, 16 pages.<br>Antwerpen, Guy Schraenen \u00e9diteur (Coll. in-octavo), 500 exemplaires.<\/p>\n\n\n\n<p class=\"wp-block-paragraph\"><em>Cahiers japonais <\/em>1992<br>1. Bleu<br>2. Ode\/Edo<br>3. Nara<br>4. Fen\u00eatre\/Fusuma<br>5. Tokyoto<br>S\u00e9rigraphie sur papier de riz, de soie, pelure, air mail,14 x 10 cm, 40 pages.<br>Bruxelles, \u00e9dition du remorqueur. 120 exemplaires.<\/p>\n\n\n\n<p class=\"wp-block-paragraph\">#:\/\/vimeo.com\/88341413<\/p>\n\n\n\n<p class=\"wp-block-paragraph\"><em>Correspondance<\/em> 1992<br>S\u00e9rigraphie sur carton recycl\u00e9, 24 x 12,5 cm, 16 pages.<br>Bruxelles, \u00e9dition du remorqueur. 120 exemplaires.<br>Texte : lettre de Vincent Van Gogh \u00e0 son fr\u00e8re Th\u00e9o.<\/p>\n\n\n\n<p class=\"wp-block-paragraph\"><em>Portraits de papiers <\/em>1992<br>S\u00e9rigraphie sur papier recycl\u00e9, 33 x 23 cm, 32 pages.<br>Bruxelles, \u00e9dition du remorqueur. 120 exemplaires.<\/p>\n\n\n\n<p class=\"wp-block-paragraph\"><em>Mikado<\/em> 1995<br>S\u00e9rigraphie sur papier pelure,<br>Bruxelles, \u00e9dition du remorqueur. 50 exemplaires.<\/p>\n\n\n\n<p class=\"wp-block-paragraph\"><em>Pli Age<\/em> 1996<br>Bruxelles, \u00e9dition du remorqueur.<\/p>\n\n\n\n<p class=\"wp-block-paragraph\"><em>En filigrane<\/em> 1996<br>Bruxelles, \u00e9dition du remorqueur. 120 exemplaires.<br><em><br>Here : now. Tutal : Teraz tutaj.<\/em> 1997<br>S\u00e9rigraphie couleur sur papier pelure. Agraf\u00e9. 30 x 21 cm. 8 pages.<br>Krakow, \u00e9dition galerie Potocka. Tir\u00e9 \u00e0 100 exemplaires.<\/p>\n\n\n\n<p class=\"wp-block-paragraph\"><em>Sol<\/em> 1998<br>32 pages. S\u00e9rigraphie sur papier pelure. Broch\u00e9. 19,6 x 13,8.<br>Bruxelles, \u00e9dition Al\u00e9a Remorqueur. 120 exemplaires.<\/p>\n\n\n\n<p class=\"wp-block-paragraph\"><em>Vingt ans apr\u00e8s<\/em> 1978-1998<br>36 pages. Carbone et papier pelure. Broch\u00e9 21 x 21,1 cm.<br>Bruxelles, \u00e9dition Al\u00e9a Remorqueur, 1998. Tir\u00e9 \u00e0 50 exemplaires.<\/p>\n\n\n\n<p class=\"wp-block-paragraph\"><em>En Pologne, nulle part.<\/em> 1998<br>28 pages. S\u00e9rigraphie couleurs sur papier pelure. Broch\u00e9. 29,3 x 19,2 cm.<br>Bruxelles, \u00e9dition Al\u00e9a Remorqueur. Tir\u00e9 \u00e0 120 exemplaires.<br><em><br>Un livre r\u00e9versible. <\/em>1998<br>S\u00e9rigraphie. Leporello recto verso. D\u2019un c\u00f4t\u00e9 le texte en allemand, de l\u2019autre les planches. Couverture cartonn\u00e9e. Pli\u00e9 : 27,7&#215;15 cm. D\u00e9pli\u00e9 27,7 x 115,2 cm. 16 pages.<br>Krems, Autriche, galerie Stadtpark. Tir\u00e9 \u00e0 100 exemplaires.<\/p>\n\n\n\n<p class=\"wp-block-paragraph\"><em>Stilleven Nature Morte<\/em> (hommage \u00e0 Chardin) 1999<\/p>\n\n\n\n<p class=\"wp-block-paragraph\">24 pages, texte et reproduction en noir et blanc et couleur. Broch\u00e9. 12 x 14 cm. Bruxelles, \u00e9dition Al\u00e9a Remorqueur. 80 exemplaires.<\/p>\n\n\n\n<p class=\"wp-block-paragraph\"><em>Phoebus<\/em> 2000<br>S\u00e9rigraphie sur papier pelure. 24 pages 13,2 x 20,5 cm.<br>Edition Al\u00e9a remorqueur. 80 exemplaires.<\/p>\n\n\n\n<p class=\"wp-block-paragraph\"><em>\u00ab T \u00bb (THE)<\/em> 2001<br>Edition La Taupe. 16 pages. 7,5 x 10,5 cm.<\/p>\n\n\n\n<p class=\"wp-block-paragraph\"><em>Interf\u00e9rence<\/em> 2002<br>S\u00e9rigraphie sur papier pelure, 16 pages, 20,5 x14,5 cm.<br>Bruxelles. Edition Al\u00e9a remorqueur. 60 exemplaires.<\/p>\n\n\n\n<p class=\"wp-block-paragraph\"><em>Simultan\u00e9, Successif<\/em><em> 2002<br>S\u00e9rigraphie sur papier offset, 22 pages, 26 x 19 cm.<br>Bruxelles. Editions Al\u00e9a Remorqueur. 120 exemplaires.<\/em><\/p>\n\n\n\n<p class=\"wp-block-paragraph\"><em>Un livre concevable<\/em> 2003-10-09<br>S\u00e9rigraphie sur papier offset , ouvert: 70\/70cm , pli\u00e9: 17,5\/35 cm<br>Bruxelles. Editions Lebeer Hossmann. 222 exemplaires.<a href=\"http:\/\/essayresearchwriting.com\/pay-for-essay\/\">pay for essays<\/a><\/p>\n","protected":false},"excerpt":{"rendered":"<p>Traverse 1976Sur papier pelure, 21,5 x 17,5 cm., 44 pages.Bruxelles, \u00e9dition du Remorqueur. 100 exemplaires.Texte : phrase de Matisse. Traversable 1976S\u00e9rigraphie sur papier pelure,18 x 10,7 cm., 20 pages.Bruxelles, \u00e9dition du Remorqueur. 50 exemplaires. Trace 1977S\u00e9rigraphie sur papier pelure,18 x 10,7 cm., 20 pages.Antwerpen, Guy Schraenen \u00e9dition, 500 exemplaires. 3\/8 1978S\u00e9rigraphie sur papier pelure,15 x [&hellip;]<\/p>\n","protected":false},"author":1,"featured_media":0,"parent":0,"menu_order":0,"comment_status":"closed","ping_status":"closed","template":"","meta":{"_acf_changed":false,"_crdt_document":"","footnotes":""},"class_list":["post-5755","page","type-page","status-publish","hentry"],"acf":[],"jetpack_sharing_enabled":true,"_links":{"self":[{"href":"https:\/\/bernardvillers.be\/new\/wp-json\/wp\/v2\/pages\/5755","targetHints":{"allow":["GET"]}}],"collection":[{"href":"https:\/\/bernardvillers.be\/new\/wp-json\/wp\/v2\/pages"}],"about":[{"href":"https:\/\/bernardvillers.be\/new\/wp-json\/wp\/v2\/types\/page"}],"author":[{"embeddable":true,"href":"https:\/\/bernardvillers.be\/new\/wp-json\/wp\/v2\/users\/1"}],"replies":[{"embeddable":true,"href":"https:\/\/bernardvillers.be\/new\/wp-json\/wp\/v2\/comments?post=5755"}],"version-history":[{"count":1,"href":"https:\/\/bernardvillers.be\/new\/wp-json\/wp\/v2\/pages\/5755\/revisions"}],"predecessor-version":[{"id":5756,"href":"https:\/\/bernardvillers.be\/new\/wp-json\/wp\/v2\/pages\/5755\/revisions\/5756"}],"wp:attachment":[{"href":"https:\/\/bernardvillers.be\/new\/wp-json\/wp\/v2\/media?parent=5755"}],"curies":[{"name":"wp","href":"https:\/\/api.w.org\/{rel}","templated":true}]}}